{"id":997,"date":"2022-05-15T21:56:34","date_gmt":"2022-05-15T19:56:34","guid":{"rendered":"http:\/\/pirat2025.svh-meisterschaft.de\/program\/"},"modified":"2026-03-25T20:51:43","modified_gmt":"2026-03-25T19:51:43","slug":"program","status":"publish","type":"page","link":"https:\/\/o-jolle2026.svh-meisterschaft.de\/en\/program\/","title":{"rendered":"Program"},"content":{"rendered":"\n<p>We would like to provide all participants and their companions with an overview of our planned activities during these days. Whether and when these events actually take place, of course, depends heavily on the weather and how the races go. So do have a look at the noticeboard every now and then. You will then find the confirmations or changes there.<\/p>\n\n<h2 class=\"wp-block-heading\"><strong>Sunday, 3 May 2026<\/strong><\/h2>\n\n<p><strong>11.00 am to 5.30 pm<\/strong><br\/>Registration and measurement<\/p>\n\n<h2 class=\"wp-block-heading\"><strong><strong>Monday, 4 May 2026<\/strong><\/strong><\/h2>\n\n<p><strong>7.00 pm<\/strong><br\/>Opening of the IDM<br\/>Group photo session<br\/>Opening buffet<\/p>\n\n<p><em>All participants will receive a dinner voucher Accompanying guests can purchase additional vouchers for \u20ac19.50 (until Monday at 12 noon) from the club caterer.<\/em><\/p>\n\n<h2 class=\"wp-block-heading\"><strong><strong><strong>Tuesday, 5 May 2026<\/strong><\/strong><\/strong><\/h2>\n\n<p><strong>9.30 am<\/strong><br\/>Skipper&#8217;s meeting at the SVH clubhouse<\/p>\n\n<p><strong>11.00 am<\/strong><br\/>First warning signal of the day<\/p>\n\n<p><strong>During the protest time limit<\/strong><br\/>\u201cHappy Hour\u201d<br\/>Award ceremony for the day\u2019s winners<br\/>Raffle<\/p>\n\n<h2 class=\"wp-block-heading\"><strong>Wednesday, 6 May 2026<\/strong><\/h2>\n\n<p><strong>following the announcement<\/strong><br\/>First warning signal of the day<\/p>\n\n<p><strong>During the protest time limit<\/strong><br\/>\u201cHappy Hour\u201d<br\/>Award ceremony for the day\u2019s winners<br\/>Raffle<\/p>\n\n<h2 class=\"wp-block-heading\"><strong>Thursday, 7 May 2026<\/strong><\/h2>\n\n<p><strong>following the announcement<\/strong><br\/>First warning signal of the day<\/p>\n\n<p><strong>During the protest time limit<\/strong><br\/>\u201cHappy Hour\u201d<br\/>Award ceremony for the day\u2019s winners<br\/>Raffle<\/p>\n\n<h2 class=\"wp-block-heading\"><strong>Friday, 8 May 2026<\/strong><\/h2>\n\n<p><strong>following the announcement<\/strong><br\/>First warning signal of the day<\/p>\n\n<p><strong>After the races have finished<\/strong><br\/>prize-giving<br\/>schnitzel buffet<\/p>\n\n<p><em>All participants will receive a dinner voucher Begleitpersonen k\u00f6nnen zus\u00e4tzliche Marken f\u00fcr \u20ac 19,00 (bis Donnerstag, 18.00 Uhr) beim Clubwirt erwerben<\/em><\/p>\n\n<p>Performing for you at the <strong>championship celebrations<\/strong><\/p>\n\n<figure class=\"wp-block-image size-full\"><img loading=\"lazy\" decoding=\"async\" width=\"375\" height=\"375\" src=\"https:\/\/o-jolle2026.svh-meisterschaft.de\/wp-content\/uploads\/sites\/19\/2026\/03\/image.png\" alt=\"\" class=\"wp-image-1068\" srcset=\"https:\/\/o-jolle2026.svh-meisterschaft.de\/wp-content\/uploads\/sites\/19\/2026\/03\/image.png 375w, https:\/\/o-jolle2026.svh-meisterschaft.de\/wp-content\/uploads\/sites\/19\/2026\/03\/image-300x300.png 300w, https:\/\/o-jolle2026.svh-meisterschaft.de\/wp-content\/uploads\/sites\/19\/2026\/03\/image-150x150.png 150w\" sizes=\"auto, (max-width: 375px) 100vw, 375px\" \/><\/figure>\n","protected":false},"excerpt":{"rendered":"<p>We would like to provide all participants and their companions with an overview of our planned activities during these days. Whether and when these events actually take place, of course, depends heavily on the weather and how the races go. So do have a look at the noticeboard every now and then. You will then [&hellip;]<\/p>\n","protected":false},"author":2,"featured_media":0,"parent":0,"menu_order":0,"comment_status":"closed","ping_status":"closed","template":"","meta":{"_uag_custom_page_level_css":"","_genesis_hide_title":false,"_genesis_hide_breadcrumbs":false,"_genesis_hide_singular_image":false,"_genesis_hide_footer_widgets":false,"_genesis_custom_body_class":"","_genesis_custom_post_class":"","_genesis_layout":"","footnotes":""},"class_list":{"0":"post-997","1":"page","2":"type-page","3":"status-publish","5":"entry","6":"has-post-thumbnail"},"uagb_featured_image_src":{"full":false,"thumbnail":false,"medium":false,"medium_large":false,"large":false,"1536x1536":false,"2048x2048":false,"sidebar-featured-thumb":false,"featured-image":false,"header-hero":false},"uagb_author_info":{"display_name":"Philipp Menke","author_link":"https:\/\/o-jolle2026.svh-meisterschaft.de\/en\/author\/menkephilipp\/"},"uagb_comment_info":0,"uagb_excerpt":"We would like to provide all participants and their companions with an overview of our planned activities during these days. Whether and when these events actually take place, of course, depends heavily on the weather and how the races go. So do have a look at the noticeboard every now and then. You will then&hellip;","_links":{"self":[{"href":"https:\/\/o-jolle2026.svh-meisterschaft.de\/en\/wp-json\/wp\/v2\/pages\/997","targetHints":{"allow":["GET"]}}],"collection":[{"href":"https:\/\/o-jolle2026.svh-meisterschaft.de\/en\/wp-json\/wp\/v2\/pages"}],"about":[{"href":"https:\/\/o-jolle2026.svh-meisterschaft.de\/en\/wp-json\/wp\/v2\/types\/page"}],"author":[{"embeddable":true,"href":"https:\/\/o-jolle2026.svh-meisterschaft.de\/en\/wp-json\/wp\/v2\/users\/2"}],"replies":[{"embeddable":true,"href":"https:\/\/o-jolle2026.svh-meisterschaft.de\/en\/wp-json\/wp\/v2\/comments?post=997"}],"version-history":[{"count":3,"href":"https:\/\/o-jolle2026.svh-meisterschaft.de\/en\/wp-json\/wp\/v2\/pages\/997\/revisions"}],"predecessor-version":[{"id":1072,"href":"https:\/\/o-jolle2026.svh-meisterschaft.de\/en\/wp-json\/wp\/v2\/pages\/997\/revisions\/1072"}],"wp:attachment":[{"href":"https:\/\/o-jolle2026.svh-meisterschaft.de\/en\/wp-json\/wp\/v2\/media?parent=997"}],"curies":[{"name":"wp","href":"https:\/\/api.w.org\/{rel}","templated":true}]}}